{"id":2464,"date":"2024-03-26T14:35:56","date_gmt":"2024-03-26T13:35:56","guid":{"rendered":"https:\/\/groupedata.fr\/Servigeco2\/?page_id=2464"},"modified":"2024-03-26T14:40:34","modified_gmt":"2024-03-26T13:40:34","slug":"elementor-2464","status":"publish","type":"page","link":"https:\/\/groupedata.fr\/Servigeco2\/elementor-2464\/","title":{"rendered":"Politique des cookies"},"content":{"rendered":"\t\t<div data-elementor-type=\"wp-page\" data-elementor-id=\"2464\" class=\"elementor elementor-2464\" data-elementor-post-type=\"page\">\n\t\t\t\t<div class=\"elementor-element elementor-element-88f94d3 e-flex e-con-boxed e-con e-parent\" data-id=\"88f94d3\" data-element_type=\"container\">\n\t\t\t\t\t<div class=\"e-con-inner\">\n\t\t\t\t<div class=\"elementor-element elementor-element-83d6ac9 elementor-widget elementor-widget-spacer\" data-id=\"83d6ac9\" data-element_type=\"widget\" data-widget_type=\"spacer.default\">\n\t\t\t\t<div class=\"elementor-widget-container\">\n\t\t\t<style>\/*! elementor - v3.23.0 - 25-07-2024 *\/\n.elementor-column .elementor-spacer-inner{height:var(--spacer-size)}.e-con{--container-widget-width:100%}.e-con-inner>.elementor-widget-spacer,.e-con>.elementor-widget-spacer{width:var(--container-widget-width,var(--spacer-size));--align-self:var(--container-widget-align-self,initial);--flex-shrink:0}.e-con-inner>.elementor-widget-spacer>.elementor-widget-container,.e-con>.elementor-widget-spacer>.elementor-widget-container{height:100%;width:100%}.e-con-inner>.elementor-widget-spacer>.elementor-widget-container>.elementor-spacer,.e-con>.elementor-widget-spacer>.elementor-widget-container>.elementor-spacer{height:100%}.e-con-inner>.elementor-widget-spacer>.elementor-widget-container>.elementor-spacer>.elementor-spacer-inner,.e-con>.elementor-widget-spacer>.elementor-widget-container>.elementor-spacer>.elementor-spacer-inner{height:var(--container-widget-height,var(--spacer-size))}.e-con-inner>.elementor-widget-spacer.elementor-widget-empty,.e-con>.elementor-widget-spacer.elementor-widget-empty{position:relative;min-height:22px;min-width:22px}.e-con-inner>.elementor-widget-spacer.elementor-widget-empty .elementor-widget-empty-icon,.e-con>.elementor-widget-spacer.elementor-widget-empty .elementor-widget-empty-icon{position:absolute;top:0;bottom:0;left:0;right:0;margin:auto;padding:0;width:22px;height:22px}<\/style>\t\t<div class=\"elementor-spacer\">\n\t\t\t<div class=\"elementor-spacer-inner\"><\/div>\n\t\t<\/div>\n\t\t\t\t<\/div>\n\t\t\t\t<\/div>\n\t\t\t\t\t<\/div>\n\t\t\t\t<\/div>\n\t\t<div class=\"elementor-element elementor-element-cb67c8c e-flex e-con-boxed e-con e-parent\" data-id=\"cb67c8c\" data-element_type=\"container\">\n\t\t\t\t\t<div class=\"e-con-inner\">\n\t\t\t\t<div class=\"elementor-element elementor-element-c684e50 elementor-widget elementor-widget-heading\" data-id=\"c684e50\" data-element_type=\"widget\" data-widget_type=\"heading.default\">\n\t\t\t\t<div class=\"elementor-widget-container\">\n\t\t\t<style>\/*! elementor - v3.23.0 - 25-07-2024 *\/\n.elementor-heading-title{padding:0;margin:0;line-height:1}.elementor-widget-heading .elementor-heading-title[class*=elementor-size-]>a{color:inherit;font-size:inherit;line-height:inherit}.elementor-widget-heading .elementor-heading-title.elementor-size-small{font-size:15px}.elementor-widget-heading .elementor-heading-title.elementor-size-medium{font-size:19px}.elementor-widget-heading .elementor-heading-title.elementor-size-large{font-size:29px}.elementor-widget-heading .elementor-heading-title.elementor-size-xl{font-size:39px}.elementor-widget-heading .elementor-heading-title.elementor-size-xxl{font-size:59px}<\/style><h2 class=\"elementor-heading-title elementor-size-default\">POLITIQUE DES COOKIES<\/h2>\t\t<\/div>\n\t\t\t\t<\/div>\n\t\t\t\t\t<\/div>\n\t\t\t\t<\/div>\n\t\t<div class=\"elementor-element elementor-element-be959d0 e-flex e-con-boxed e-con e-parent\" data-id=\"be959d0\" data-element_type=\"container\">\n\t\t\t\t\t<div class=\"e-con-inner\">\n\t\t\t\t<div class=\"elementor-element elementor-element-772c90f elementor-widget elementor-widget-text-editor\" data-id=\"772c90f\" data-element_type=\"widget\" data-widget_type=\"text-editor.default\">\n\t\t\t\t<div class=\"elementor-widget-container\">\n\t\t\t<style>\/*! elementor - v3.23.0 - 25-07-2024 *\/\n.elementor-widget-text-editor.elementor-drop-cap-view-stacked .elementor-drop-cap{background-color:#69727d;color:#fff}.elementor-widget-text-editor.elementor-drop-cap-view-framed .elementor-drop-cap{color:#69727d;border:3px solid;background-color:transparent}.elementor-widget-text-editor:not(.elementor-drop-cap-view-default) .elementor-drop-cap{margin-top:8px}.elementor-widget-text-editor:not(.elementor-drop-cap-view-default) .elementor-drop-cap-letter{width:1em;height:1em}.elementor-widget-text-editor .elementor-drop-cap{float:left;text-align:center;line-height:1;font-size:50px}.elementor-widget-text-editor .elementor-drop-cap-letter{display:inline-block}<\/style>\t\t\t\t<div id=\"bgLayers_comp-lgo468s3\" class=\"MW5IWV\" data-hook=\"bgLayers\" data-motion-part=\"BG_LAYER\"><div id=\"bgMedia_comp-lgo468s3\" class=\"VgO9Yg\" data-motion-part=\"BG_MEDIA\">1. \u00a0 \u00a0L\u2019utilisation de cookies<\/div><\/div><div class=\"\" data-mesh-id=\"comp-lgo468s3inlineContent\" data-testid=\"inline-content\"><div data-mesh-id=\"comp-lgo468s3inlineContent-gridContainer\" data-testid=\"mesh-container-content\"><div id=\"comp-lgo468tp\" class=\"c9GqVL QxJLC3 comp-lgo468tp wixui-rich-text\" data-testid=\"richTextElement\"><p class=\"font_8 wixui-rich-text__text\"><span class=\"wixui-rich-text__text\">Notre site Servigeco utilise des cookies. Un cookie est un petit fichier qui est envoy\u00e9 avec les pages de ce site Web et\/ou les applications Flash et qui est stock\u00e9 par votre navigateur sur votre disque dur \u00e0 partir de votre ordinateur, t\u00e9l\u00e9phone portable, montre connect\u00e9e ou tablette. Les informations qui y sont stock\u00e9es peuvent \u00eatre retourn\u00e9es \u00e0 nos serveurs lors d\u2019une visite ult\u00e9rieure.<br class=\"wixui-rich-text__text\" \/>L\u2019utilisation de cookies est d\u2019une grande importance pour le bon fonctionnement de notre site web. Gr\u00e2ce \u00e0 la contribution (anonyme) des visiteurs, nous pouvons am\u00e9liorer l\u2019utilisation du site Web et le rendre plus convivial.<\/span><\/p><p class=\"font_8 wixui-rich-text__text\"><span class=\"wixui-rich-text__text\">\u200b<\/span><\/p><p class=\"font_8 wixui-rich-text__text\"><span class=\"wixui-rich-text__text\">2. \u00a0 \u00a0Consentement<br class=\"wixui-rich-text__text\" \/>Votre consentement est requis pour l\u2019utilisation de certains cookies. Nous le recueillons au moyen d\u2019une banni\u00e8re informative.<\/span><\/p><p class=\"font_8 wixui-rich-text__text\"><span class=\"wixui-rich-text__text\">\u200b<\/span><\/p><p class=\"font_8 wixui-rich-text__text\"><span class=\"wixui-rich-text__text\">3. \u00a0 \u00a0Le type de cookies utilis\u00e9s et leurs objectifs<\/span><\/p><p class=\"font_8 wixui-rich-text__text\"><br class=\"wixui-rich-text__text\" \/><span class=\"wixui-rich-text__text\">&#8211; \u00a0 \u00a0Cookies fonctionnels :<\/span><\/p><p class=\"font_8 wixui-rich-text__text\"><span class=\"wixui-rich-text__text\">ils nous permettent d\u2019am\u00e9liorer le fonctionnement du site web et de le rendre plus convivial pour le visiteur. Par exemple, nous stockons vos donn\u00e9es de connexion.<\/span><\/p><p class=\"font_8 wixui-rich-text__text\"><br class=\"wixui-rich-text__text\" \/><span class=\"wixui-rich-text__text\">&#8211; \u00a0 \u00a0Cookies de mesure d\u2019audience :<\/span><\/p><p class=\"font_8 wixui-rich-text__text\"><span class=\"wixui-rich-text__text\">ils garantissent qu\u2019un cookie anonyme est g\u00e9n\u00e9r\u00e9 \u00e0 chaque fois que vous visitez un site web. Ces cookies permettent de savoir si vous avez d\u00e9j\u00e0 visit\u00e9 le site auparavant ou non. Ce cookie n\u2019est utilis\u00e9 qu\u2019\u00e0 des fins statistiques. De cette fa\u00e7on, les donn\u00e9es suivantes peuvent \u00eatre collect\u00e9es :<\/span><\/p><ul class=\"font_8 wixui-rich-text__text\"><li class=\"wixui-rich-text__text\"><p class=\"font_8 wixui-rich-text__text\"><span class=\"wixui-rich-text__text\">le nombre de visiteurs uniques<\/span><\/p><\/li><li class=\"wixui-rich-text__text\"><p class=\"font_8 wixui-rich-text__text\"><span class=\"wixui-rich-text__text\">la fr\u00e9quence \u00e0 laquelle les utilisateurs visitent le site<\/span><\/p><\/li><li class=\"wixui-rich-text__text\"><p class=\"font_8 wixui-rich-text__text\"><span class=\"wixui-rich-text__text\">quelles pages les visiteurs consultent<\/span><\/p><\/li><li class=\"wixui-rich-text__text\"><p class=\"font_8 wixui-rich-text__text\"><span class=\"wixui-rich-text__text\">combien de temps les utilisateurs consultent une page particuli\u00e8re<\/span><\/p><\/li><li class=\"wixui-rich-text__text\"><p class=\"font_8 wixui-rich-text__text\"><span class=\"wixui-rich-text__text\">la page \u00e0 partir de laquelle les visiteurs quittent le site\u200b<\/span><\/p><\/li><\/ul><p class=\"font_8 wixui-rich-text__text\"><span class=\"wixui-rich-text__text\">\u200b\u200b<\/span><\/p><p class=\"font_8 wixui-rich-text__text\"><span class=\"wixui-rich-text__text\">\u00a0&#8211;\u00a0 \u00a0Cookies d\u2019am\u00e9lioration du site : ils permettent de tester diff\u00e9rentes versions d\u2019une page web afin de savoir quelle page est mieux utilis\u00e9e.<\/span><\/p><p class=\"font_8 wixui-rich-text__text\"><span class=\"wixui-rich-text__text\"><span class=\"wixGuard wixui-rich-text__text\">\u200b<\/span><\/span><\/p><p class=\"font_8 wixui-rich-text__text\"><span class=\"wixui-rich-text__text\">4. \u00a0 \u00a0Vos droits \u00e0 l\u2019\u00e9gard de vos donn\u00e9es personnelles<\/span><\/p><p class=\"font_8 wixui-rich-text__text\"><br class=\"wixui-rich-text__text\" \/><span class=\"wixui-rich-text__text\">Vous disposez d\u2019un droit d\u2019acc\u00e8s, de rectification, de limitation et de suppression de vos donn\u00e9es personnelles. En outre, vous avez le droit de vous opposer au traitement des donn\u00e9es personnelles et le droit \u00e0 la transf\u00e9rabilit\u00e9 de vos donn\u00e9es. Vous pouvez exercer ces droits en nous envoyant un mail \u00e0 l\u2019adresse suivante contact@servigeco.fr. Afin de pr\u00e9venir les abus, nous pouvons vous demander de vous identifier sur notre site. Lorsqu\u2019il s\u2019agit d\u2019acc\u00e9der \u00e0 des donn\u00e9es personnelles li\u00e9es \u00e0 un cookie, nous vous demandons de nous envoyer une copie du cookie en question. Vous pouvez les trouver dans les param\u00e8tres de votre navigateur.<\/span><\/p><p class=\"font_8 wixui-rich-text__text\"><span class=\"wixui-rich-text__text\">\u200b<\/span><\/p><p class=\"font_8 wixui-rich-text__text\"><span class=\"wixui-rich-text__text\">5. \u00a0 \u00a0Blocage et suppression des cookies<\/span><\/p><p class=\"font_8 wixui-rich-text__text\"><br class=\"wixui-rich-text__text\" \/><span class=\"wixui-rich-text__text\">Vous pouvez facilement bloquer et supprimer vous-m\u00eame les cookies \u00e0 tout moment par votre navigateur Internet. Vous pouvez \u00e9galement configurer votre navigateur Internet de mani\u00e8re \u00e0 recevoir un message lorsqu\u2019un cookie \u00a0est install\u00e9. Vous pouvez \u00e9galement indiquer que certains cookies ne peuvent pas \u00eatre install\u00e9s. Pour cela, veuillez consulter la fonction d\u2019aide de votre navigateur. Si vous supprimez les cookies de votre navigateur, cela peut le cas \u00e9ch\u00e9ant avoir des cons\u00e9quences sur l\u2019utilisation de notre site Web.<\/span><\/p><p class=\"font_8 wixui-rich-text__text\">\u00a0<\/p><p class=\"font_8 wixui-rich-text__text\"><span class=\"wixui-rich-text__text\">Certains cookies de suivi sont install\u00e9s par des tiers qui vous affichent des publicit\u00e9s via notre site Web. Vous pouvez supprimer ces cookies de mani\u00e8re centralis\u00e9e via\u00a0<a class=\"wixui-rich-text__text\" href=\"http:\/\/www.youroulinechoices.eu\/\" target=\"_blank\" rel=\"noopener\" data-auto-recognition=\"true\">www.youroulinechoices.eu<\/a>.<br class=\"wixui-rich-text__text\" \/>Veuillez noter que si vous ne voulez pas de cookies, nous ne serons plus en mesure de garantir le bon fonctionnement de notre site Web. Certaines caract\u00e9ristiques du site peuvent \u00eatre alt\u00e9r\u00e9es et dans certains cas, vous ne pourrez plus acc\u00e9der au site. De plus, le refus des cookies ne signifie pas que vous ne verrez aucune publicit\u00e9. Les annonces ne sont plus adapt\u00e9es \u00e0 vos centres d\u2019int\u00e9r\u00eat et peuvent donc appara\u00eetre plus souvent.<\/span><\/p><p class=\"font_8 wixui-rich-text__text\"><br class=\"wixui-rich-text__text\" \/><span class=\"wixui-rich-text__text\">Les \u00e9tapes \u00e0 suivre pour ajuster vos param\u00e8tres varient d\u2019un navigateur \u00e0 l\u2019autre. Si n\u00e9cessaire, consultez la fonction d\u2019aide de votre navigateur, ou rendez-vous sur l\u2019un des liens ci-dessous pour acc\u00e9der directement au manuel de votre navigateur.<\/span><\/p><p class=\"font_8 wixui-rich-text__text\"><br class=\"wixui-rich-text__text\" \/><span class=\"wixui-rich-text__text\">Firefox :\u00a0<a class=\"wixui-rich-text__text\" href=\"https:\/\/support.mozilla.org\/fr\/kb\/effacer-les-cookies-pour-supprimer-les-information\" target=\"_blank\" rel=\"noreferrer noopener\">https:\/\/support.mozilla.org\/fr\/kb\/effacer-les-cookies-pour-supprimer-les-information<\/a><br class=\"wixui-rich-text__text\" \/>Google Chrome :\u00a0<a class=\"wixui-rich-text__text\" href=\"https:\/\/support.google.com\/chrome\/answer\/95647?co=GENIE.Platform=Desktop&amp;hl=fr\" target=\"_blank\" rel=\"noreferrer noopener\">https:\/\/support.google.com\/chrome\/answer\/95647?co=GENIE.Platform=Desktop&amp;hl=fr<\/a><br class=\"wixui-rich-text__text\" \/>Internet Explorer :\u00a0<a class=\"wixui-rich-text__text\" href=\"https:\/\/support.microsoft.com\/fr-fr\/help\/278835\/how-to-delete-cookie-files-in-internet-explorer\" target=\"_blank\" rel=\"noreferrer noopener\">https:\/\/support.microsoft.com\/fr-fr\/help\/278835\/how-to-delete-cookie-files-in-internet-explorer<\/a><br class=\"wixui-rich-text__text\" \/>Safari :\u00a0<a class=\"wixui-rich-text__text\" href=\"https:\/\/support.apple.com\/kb\/ph21411?locale=fr_FR\" target=\"_blank\" rel=\"noreferrer noopener\">https:\/\/support.apple.com\/kb\/ph21411?locale=fr_FR<\/a><\/span><\/p><p class=\"font_8 wixui-rich-text__text\"><span class=\"wixui-rich-text__text\">\u200b<\/span><\/p><p class=\"font_8 wixui-rich-text__text\"><span class=\"wixui-rich-text__text\">6. \u00a0 \u00a0Nouveaux d\u00e9veloppements et cookies non pr\u00e9vus<br class=\"wixui-rich-text__text\" \/>Sur certaines de nos pages, nous pouvons utiliser du contenu qui est h\u00e9berg\u00e9 sur d\u2019autres sites et qui est rendu accessible sur notre site Web au moyen de certains code (contenu int\u00e9gr\u00e9). Ces codes utilisent souvent des cookies. Nous n\u2019avons cependant aucun contr\u00f4le sur ce que ces tiers font de leurs cookies.<\/span><\/p><p class=\"font_8 wixui-rich-text__text\"><br class=\"wixui-rich-text__text\" \/><span class=\"wixui-rich-text__text\">Il est \u00e9galement possible que, par l\u2019interm\u00e9diaire de notre site Web, des cookies soient plac\u00e9s par d\u2019autres personnes. Vous avez trouv\u00e9 sur notre site Web des cookies que nous n\u2019avons pas identifi\u00e9s ? Veuillez nous le faire savoir par mail. Vous pouvez \u00e9galement contacter directement le tiers et lui demander quels cookies il place, quelle en est la raison, quelle est la dur\u00e9e de vie du cookie et quelles sont les mesures pour prot\u00e9ger votre vie priv\u00e9e.<\/span><\/p><p class=\"font_8 wixui-rich-text__text\"><span class=\"wixui-rich-text__text\">\u200b<\/span><\/p><p class=\"font_8 wixui-rich-text__text\"><span class=\"wixui-rich-text__text\">7. \u00a0 \u00a0Remarques<br class=\"wixui-rich-text__text\" \/>Nous devrons mettre \u00e0 jour cette politique d\u2019utilisation des cookies r\u00e9guli\u00e8rement par exemple lorsque nous modifions notre site Web ou les r\u00e8gles le concernant. Nous vous prions de consulter cette page pour prendre connaissance de la derni\u00e8re version de notre politique d\u2019utilisation des cookies.<br class=\"wixui-rich-text__text\" \/>Si vous avez des questions et\/ou des commentaires, veuillez nous contacter \u00e0 l\u2019adresse e-mail suivante : contact@servigeco.fr<\/span><\/p><\/div><\/div><\/div>\t\t\t\t\t\t<\/div>\n\t\t\t\t<\/div>\n\t\t\t\t\t<\/div>\n\t\t\t\t<\/div>\n\t\t\t\t<\/div>\n\t\t","protected":false},"excerpt":{"rendered":"<p>POLITIQUE DES COOKIES 1. \u00a0 \u00a0L\u2019utilisation de cookies Notre site Servigeco utilise des cookies. Un cookie est un petit fichier qui est envoy\u00e9 avec les pages de ce site Web et\/ou les applications Flash et qui est stock\u00e9 par votre navigateur sur votre disque dur \u00e0 partir de votre ordinateur, t\u00e9l\u00e9phone portable, montre connect\u00e9e ou [&hellip;]<\/p>\n","protected":false},"author":1,"featured_media":0,"parent":0,"menu_order":0,"comment_status":"closed","ping_status":"closed","template":"","meta":{"ocean_post_layout":"","ocean_both_sidebars_style":"","ocean_both_sidebars_content_width":0,"ocean_both_sidebars_sidebars_width":0,"ocean_sidebar":"","ocean_second_sidebar":"","ocean_disable_margins":"enable","ocean_add_body_class":"","ocean_shortcode_before_top_bar":"","ocean_shortcode_after_top_bar":"","ocean_shortcode_before_header":"","ocean_shortcode_after_header":"","ocean_has_shortcode":"","ocean_shortcode_after_title":"","ocean_shortcode_before_footer_widgets":"","ocean_shortcode_after_footer_widgets":"","ocean_shortcode_before_footer_bottom":"","ocean_shortcode_after_footer_bottom":"","ocean_display_top_bar":"default","ocean_display_header":"default","ocean_header_style":"","ocean_center_header_left_menu":"","ocean_custom_header_template":"","ocean_custom_logo":0,"ocean_custom_retina_logo":0,"ocean_custom_logo_max_width":0,"ocean_custom_logo_tablet_max_width":0,"ocean_custom_logo_mobile_max_width":0,"ocean_custom_logo_max_height":0,"ocean_custom_logo_tablet_max_height":0,"ocean_custom_logo_mobile_max_height":0,"ocean_header_custom_menu":"","ocean_menu_typo_font_family":"","ocean_menu_typo_font_subset":"","ocean_menu_typo_font_size":0,"ocean_menu_typo_font_size_tablet":0,"ocean_menu_typo_font_size_mobile":0,"ocean_menu_typo_font_size_unit":"px","ocean_menu_typo_font_weight":"","ocean_menu_typo_font_weight_tablet":"","ocean_menu_typo_font_weight_mobile":"","ocean_menu_typo_transform":"","ocean_menu_typo_transform_tablet":"","ocean_menu_typo_transform_mobile":"","ocean_menu_typo_line_height":0,"ocean_menu_typo_line_height_tablet":0,"ocean_menu_typo_line_height_mobile":0,"ocean_menu_typo_line_height_unit":"","ocean_menu_typo_spacing":0,"ocean_menu_typo_spacing_tablet":0,"ocean_menu_typo_spacing_mobile":0,"ocean_menu_typo_spacing_unit":"","ocean_menu_link_color":"","ocean_menu_link_color_hover":"","ocean_menu_link_color_active":"","ocean_menu_link_background":"","ocean_menu_link_hover_background":"","ocean_menu_link_active_background":"","ocean_menu_social_links_bg":"","ocean_menu_social_hover_links_bg":"","ocean_menu_social_links_color":"","ocean_menu_social_hover_links_color":"","ocean_disable_title":"default","ocean_disable_heading":"default","ocean_post_title":"","ocean_post_subheading":"","ocean_post_title_style":"","ocean_post_title_background_color":"","ocean_post_title_background":0,"ocean_post_title_bg_image_position":"","ocean_post_title_bg_image_attachment":"","ocean_post_title_bg_image_repeat":"","ocean_post_title_bg_image_size":"","ocean_post_title_height":0,"ocean_post_title_bg_overlay":0.5,"ocean_post_title_bg_overlay_color":"","ocean_disable_breadcrumbs":"default","ocean_breadcrumbs_color":"","ocean_breadcrumbs_separator_color":"","ocean_breadcrumbs_links_color":"","ocean_breadcrumbs_links_hover_color":"","ocean_display_footer_widgets":"default","ocean_display_footer_bottom":"default","ocean_custom_footer_template":"","footnotes":""},"class_list":["post-2464","page","type-page","status-publish","hentry","entry"],"yoast_head":"<!-- This site is optimized with the Yoast SEO plugin v23.1 - https:\/\/yoast.com\/wordpress\/plugins\/seo\/ -->\n<title>Politique des cookies - Servigeco test<\/title>\n<meta name=\"robots\" content=\"noindex, follow, max-snippet:-1, max-image-preview:large, max-video-preview:-1\" \/>\n<meta property=\"og:locale\" content=\"fr_FR\" \/>\n<meta property=\"og:type\" content=\"article\" \/>\n<meta property=\"og:title\" content=\"Politique des cookies - Servigeco test\" \/>\n<meta property=\"og:description\" content=\"POLITIQUE DES COOKIES 1. \u00a0 \u00a0L\u2019utilisation de cookies Notre site Servigeco utilise des cookies. Un cookie est un petit fichier qui est envoy\u00e9 avec les pages de ce site Web et\/ou les applications Flash et qui est stock\u00e9 par votre navigateur sur votre disque dur \u00e0 partir de votre ordinateur, t\u00e9l\u00e9phone portable, montre connect\u00e9e ou [&hellip;]\" \/>\n<meta property=\"og:url\" content=\"https:\/\/groupedata.fr\/Servigeco2\/elementor-2464\/\" \/>\n<meta property=\"og:site_name\" content=\"Servigeco test\" \/>\n<meta property=\"article:modified_time\" content=\"2024-03-26T13:40:34+00:00\" \/>\n<meta name=\"twitter:card\" content=\"summary_large_image\" \/>\n<meta name=\"twitter:label1\" content=\"Dur\u00e9e de lecture estim\u00e9e\" \/>\n\t<meta name=\"twitter:data1\" content=\"1 minute\" \/>\n<script type=\"application\/ld+json\" class=\"yoast-schema-graph\">{\"@context\":\"https:\/\/schema.org\",\"@graph\":[{\"@type\":\"WebPage\",\"@id\":\"https:\/\/groupedata.fr\/Servigeco2\/elementor-2464\/\",\"url\":\"https:\/\/groupedata.fr\/Servigeco2\/elementor-2464\/\",\"name\":\"Politique des cookies - Servigeco test\",\"isPartOf\":{\"@id\":\"https:\/\/groupedata.fr\/Servigeco2\/#website\"},\"datePublished\":\"2024-03-26T13:35:56+00:00\",\"dateModified\":\"2024-03-26T13:40:34+00:00\",\"breadcrumb\":{\"@id\":\"https:\/\/groupedata.fr\/Servigeco2\/elementor-2464\/#breadcrumb\"},\"inLanguage\":\"fr-FR\",\"potentialAction\":[{\"@type\":\"ReadAction\",\"target\":[\"https:\/\/groupedata.fr\/Servigeco2\/elementor-2464\/\"]}]},{\"@type\":\"BreadcrumbList\",\"@id\":\"https:\/\/groupedata.fr\/Servigeco2\/elementor-2464\/#breadcrumb\",\"itemListElement\":[{\"@type\":\"ListItem\",\"position\":1,\"name\":\"Accueil\",\"item\":\"https:\/\/groupedata.fr\/Servigeco2\/\"},{\"@type\":\"ListItem\",\"position\":2,\"name\":\"Politique des cookies\"}]},{\"@type\":\"WebSite\",\"@id\":\"https:\/\/groupedata.fr\/Servigeco2\/#website\",\"url\":\"https:\/\/groupedata.fr\/Servigeco2\/\",\"name\":\"Servigeco test\",\"description\":\"\",\"publisher\":{\"@id\":\"https:\/\/groupedata.fr\/Servigeco2\/#organization\"},\"potentialAction\":[{\"@type\":\"SearchAction\",\"target\":{\"@type\":\"EntryPoint\",\"urlTemplate\":\"https:\/\/groupedata.fr\/Servigeco2\/?s={search_term_string}\"},\"query-input\":\"required name=search_term_string\"}],\"inLanguage\":\"fr-FR\"},{\"@type\":\"Organization\",\"@id\":\"https:\/\/groupedata.fr\/Servigeco2\/#organization\",\"name\":\"Servigeco test\",\"url\":\"https:\/\/groupedata.fr\/Servigeco2\/\",\"logo\":{\"@type\":\"ImageObject\",\"inLanguage\":\"fr-FR\",\"@id\":\"https:\/\/groupedata.fr\/Servigeco2\/#\/schema\/logo\/image\/\",\"url\":\"https:\/\/groupedata.fr\/Servigeco2\/wp-content\/uploads\/2024\/01\/cropped-LOGO-TEST-1-2.png\",\"contentUrl\":\"https:\/\/groupedata.fr\/Servigeco2\/wp-content\/uploads\/2024\/01\/cropped-LOGO-TEST-1-2.png\",\"width\":859,\"height\":191,\"caption\":\"Servigeco test\"},\"image\":{\"@id\":\"https:\/\/groupedata.fr\/Servigeco2\/#\/schema\/logo\/image\/\"}}]}<\/script>\n<!-- \/ Yoast SEO plugin. -->","yoast_head_json":{"title":"Politique des cookies - Servigeco test","robots":{"index":"noindex","follow":"follow","max-snippet":"max-snippet:-1","max-image-preview":"max-image-preview:large","max-video-preview":"max-video-preview:-1"},"og_locale":"fr_FR","og_type":"article","og_title":"Politique des cookies - Servigeco test","og_description":"POLITIQUE DES COOKIES 1. \u00a0 \u00a0L\u2019utilisation de cookies Notre site Servigeco utilise des cookies. Un cookie est un petit fichier qui est envoy\u00e9 avec les pages de ce site Web et\/ou les applications Flash et qui est stock\u00e9 par votre navigateur sur votre disque dur \u00e0 partir de votre ordinateur, t\u00e9l\u00e9phone portable, montre connect\u00e9e ou [&hellip;]","og_url":"https:\/\/groupedata.fr\/Servigeco2\/elementor-2464\/","og_site_name":"Servigeco test","article_modified_time":"2024-03-26T13:40:34+00:00","twitter_card":"summary_large_image","twitter_misc":{"Dur\u00e9e de lecture estim\u00e9e":"1 minute"},"schema":{"@context":"https:\/\/schema.org","@graph":[{"@type":"WebPage","@id":"https:\/\/groupedata.fr\/Servigeco2\/elementor-2464\/","url":"https:\/\/groupedata.fr\/Servigeco2\/elementor-2464\/","name":"Politique des cookies - Servigeco test","isPartOf":{"@id":"https:\/\/groupedata.fr\/Servigeco2\/#website"},"datePublished":"2024-03-26T13:35:56+00:00","dateModified":"2024-03-26T13:40:34+00:00","breadcrumb":{"@id":"https:\/\/groupedata.fr\/Servigeco2\/elementor-2464\/#breadcrumb"},"inLanguage":"fr-FR","potentialAction":[{"@type":"ReadAction","target":["https:\/\/groupedata.fr\/Servigeco2\/elementor-2464\/"]}]},{"@type":"BreadcrumbList","@id":"https:\/\/groupedata.fr\/Servigeco2\/elementor-2464\/#breadcrumb","itemListElement":[{"@type":"ListItem","position":1,"name":"Accueil","item":"https:\/\/groupedata.fr\/Servigeco2\/"},{"@type":"ListItem","position":2,"name":"Politique des cookies"}]},{"@type":"WebSite","@id":"https:\/\/groupedata.fr\/Servigeco2\/#website","url":"https:\/\/groupedata.fr\/Servigeco2\/","name":"Servigeco test","description":"","publisher":{"@id":"https:\/\/groupedata.fr\/Servigeco2\/#organization"},"potentialAction":[{"@type":"SearchAction","target":{"@type":"EntryPoint","urlTemplate":"https:\/\/groupedata.fr\/Servigeco2\/?s={search_term_string}"},"query-input":"required name=search_term_string"}],"inLanguage":"fr-FR"},{"@type":"Organization","@id":"https:\/\/groupedata.fr\/Servigeco2\/#organization","name":"Servigeco test","url":"https:\/\/groupedata.fr\/Servigeco2\/","logo":{"@type":"ImageObject","inLanguage":"fr-FR","@id":"https:\/\/groupedata.fr\/Servigeco2\/#\/schema\/logo\/image\/","url":"https:\/\/groupedata.fr\/Servigeco2\/wp-content\/uploads\/2024\/01\/cropped-LOGO-TEST-1-2.png","contentUrl":"https:\/\/groupedata.fr\/Servigeco2\/wp-content\/uploads\/2024\/01\/cropped-LOGO-TEST-1-2.png","width":859,"height":191,"caption":"Servigeco test"},"image":{"@id":"https:\/\/groupedata.fr\/Servigeco2\/#\/schema\/logo\/image\/"}}]}},"jetpack_sharing_enabled":true,"_links":{"self":[{"href":"https:\/\/groupedata.fr\/Servigeco2\/wp-json\/wp\/v2\/pages\/2464","targetHints":{"allow":["GET"]}}],"collection":[{"href":"https:\/\/groupedata.fr\/Servigeco2\/wp-json\/wp\/v2\/pages"}],"about":[{"href":"https:\/\/groupedata.fr\/Servigeco2\/wp-json\/wp\/v2\/types\/page"}],"author":[{"embeddable":true,"href":"https:\/\/groupedata.fr\/Servigeco2\/wp-json\/wp\/v2\/users\/1"}],"replies":[{"embeddable":true,"href":"https:\/\/groupedata.fr\/Servigeco2\/wp-json\/wp\/v2\/comments?post=2464"}],"version-history":[{"count":5,"href":"https:\/\/groupedata.fr\/Servigeco2\/wp-json\/wp\/v2\/pages\/2464\/revisions"}],"predecessor-version":[{"id":2469,"href":"https:\/\/groupedata.fr\/Servigeco2\/wp-json\/wp\/v2\/pages\/2464\/revisions\/2469"}],"wp:attachment":[{"href":"https:\/\/groupedata.fr\/Servigeco2\/wp-json\/wp\/v2\/media?parent=2464"}],"curies":[{"name":"wp","href":"https:\/\/api.w.org\/{rel}","templated":true}]}}